{"id":7202,"date":"2025-10-17T11:49:25","date_gmt":"2025-10-17T09:49:25","guid":{"rendered":"https:\/\/www.vfmedical-shop.ch\/produkt\/8-rouleaux-de-papier-toilette-perfex-3-lagig-250-pales-blanc\/"},"modified":"2025-10-17T11:49:55","modified_gmt":"2025-10-17T09:49:55","slug":"8-rouleaux-de-papier-toilette-perfex-3-lagig-250-pales-blanc","status":"publish","type":"product","link":"https:\/\/www.vfmedical-shop.ch\/fr\/produit\/8-rouleaux-de-papier-toilette-perfex-3-lagig-250-pales-blanc\/","title":{"rendered":"8 rouleaux de papier toilette Perfex 3 lagig, 250 pales, blanc"},"content":{"rendered":"","protected":false},"excerpt":{"rendered":"<ul>\n<li>Papier toilette de qualit\u00e9 sup\u00e9rieure &#8211; Extra doux et souple<\/li>\n<li><strong>Prix bas permanent ! <\/strong><strong>8 rouleaux<\/strong>,<strong> 3 plis, 250 feuilles, blanc<\/strong><\/li>\n<li>Test\u00e9\/recommand\u00e9 sous contr\u00f4le dermatologique, AUCUNE allergie de contact, hygi\u00e9nique<\/li>\n<li>Fabriqu\u00e9 exclusivement \u00e0 partir <strong>de p\u00e2te \u00e0 papier certifi\u00e9e<\/strong><strong> FSC<\/strong> <\/li>\n<li>Excellent rapport qualit\u00e9-prix &#8211; <b>Meilleur prix garanti<\/b> en Suisse<\/li>\n<li>Dimensions du pack de 8 : 47 x 11,5 x 19cm<\/li>\n<\/ul>\n","protected":false},"featured_media":7201,"template":"","meta":{"_acf_changed":false},"product_brand":[],"product_cat":[175],"product_tag":[],"class_list":{"0":"post-7202","1":"product","2":"type-product","3":"status-publish","4":"has-post-thumbnail","6":"product_cat-desinfection-hygiene","8":"first","9":"instock","10":"taxable","11":"shipping-taxable","12":"purchasable","13":"product-type-simple"},"acf":[],"_links":{"self":[{"href":"https:\/\/www.vfmedical-shop.ch\/fr\/wp-json\/wp\/v2\/product\/7202","targetHints":{"allow":["GET"]}}],"collection":[{"href":"https:\/\/www.vfmedical-shop.ch\/fr\/wp-json\/wp\/v2\/product"}],"about":[{"href":"https:\/\/www.vfmedical-shop.ch\/fr\/wp-json\/wp\/v2\/types\/product"}],"wp:featuredmedia":[{"embeddable":true,"href":"https:\/\/www.vfmedical-shop.ch\/fr\/wp-json\/wp\/v2\/media\/7201"}],"wp:attachment":[{"href":"https:\/\/www.vfmedical-shop.ch\/fr\/wp-json\/wp\/v2\/media?parent=7202"}],"wp:term":[{"taxonomy":"product_brand","embeddable":true,"href":"https:\/\/www.vfmedical-shop.ch\/fr\/wp-json\/wp\/v2\/product_brand?post=7202"},{"taxonomy":"product_cat","embeddable":true,"href":"https:\/\/www.vfmedical-shop.ch\/fr\/wp-json\/wp\/v2\/product_cat?post=7202"},{"taxonomy":"product_tag","embeddable":true,"href":"https:\/\/www.vfmedical-shop.ch\/fr\/wp-json\/wp\/v2\/product_tag?post=7202"}],"curies":[{"name":"wp","href":"https:\/\/api.w.org\/{rel}","templated":true}]}}