{"id":7189,"date":"2025-10-15T14:29:16","date_gmt":"2025-10-15T12:29:16","guid":{"rendered":"https:\/\/www.vfmedical-shop.ch\/produkt\/cell-1-skin-care-gel-50ml\/"},"modified":"2025-10-17T10:31:54","modified_gmt":"2025-10-17T08:31:54","slug":"cell-1-skin-care-gel-50ml","status":"publish","type":"product","link":"https:\/\/www.vfmedical-shop.ch\/fr\/produit\/cell-1-skin-care-gel-50ml\/","title":{"rendered":"cell-1 Skin Care Gel 50ml"},"content":{"rendered":"<p>ingr\u00e9dients<\/p>\n<p>Aqua (Water), Alcohol Denat., Butylene Glycol, Tetrahydroxypropyl Ethylenediamine, PEG-40 Hydrogenated Castor Oil, Phenoxyethanol, Acrylates\/C10-30 Alkyl Acrylate Crosspolymer, Snail Secretion Filtrate, Ethyl Hexanediol, Allantoin, Ethylhexylglycerin, Parfum (Fragrance), Methylparaben, Propylparaben<\/p>\n","protected":false},"excerpt":{"rendered":"<p>&nbsp;<\/p>\n<p>Cell-1 est bas\u00e9 sur une formule efficace d\u2019extrait d\u2019escargot.<\/p>\n<p>M\u00eame les cicatrices peuvent \u00eatre trait\u00e9es avec succ\u00e8s gr\u00e2ce \u00e0 lui. Des \u00e9tudes et des rapports le prouvent. M\u00eame les premi\u00e8res rides, vergetures, boutons, taches de vieillesse et autres probl\u00e8mes de peau li\u00e9s \u00e0 la destruction de la structure cellulaire ne sont plus un probl\u00e8me. L&#8217;effet r\u00e9g\u00e9n\u00e9rant des cellules assure une peau ferme et uniforme, ce qui peut \u00eatre remarqu\u00e9 par une l\u00e9g\u00e8re sensation de tiraillement ou de picotement imm\u00e9diatement apr\u00e8s l&#8217;application. Cela est d\u00fb \u00e0 la bave d&#8217;escargot de haute qualit\u00e9.<\/p>\n<p>   <\/p>\n<ul>\n<li>Convient \u00e0 tous les types de peau, \u00e0 tous les \u00e2ges et \u00e0 tous les sexes<\/li>\n<li>Pour le visage et le corps<\/li>\n<li>Aucune intol\u00e9rance<\/li>\n<li>Fabriqu\u00e9 en Suisse<\/li>\n<\/ul>\n","protected":false},"featured_media":7169,"template":"","meta":{"_acf_changed":false},"product_brand":[],"product_cat":[218],"product_tag":[220],"class_list":{"0":"post-7189","1":"product","2":"type-product","3":"status-publish","4":"has-post-thumbnail","6":"product_cat-cell-1-peau-et-soins-des-cicatrices","7":"product_tag-soins-du-visage","9":"first","10":"instock","11":"taxable","12":"shipping-taxable","13":"purchasable","14":"product-type-simple"},"acf":[],"_links":{"self":[{"href":"https:\/\/www.vfmedical-shop.ch\/fr\/wp-json\/wp\/v2\/product\/7189","targetHints":{"allow":["GET"]}}],"collection":[{"href":"https:\/\/www.vfmedical-shop.ch\/fr\/wp-json\/wp\/v2\/product"}],"about":[{"href":"https:\/\/www.vfmedical-shop.ch\/fr\/wp-json\/wp\/v2\/types\/product"}],"wp:featuredmedia":[{"embeddable":true,"href":"https:\/\/www.vfmedical-shop.ch\/fr\/wp-json\/wp\/v2\/media\/7169"}],"wp:attachment":[{"href":"https:\/\/www.vfmedical-shop.ch\/fr\/wp-json\/wp\/v2\/media?parent=7189"}],"wp:term":[{"taxonomy":"product_brand","embeddable":true,"href":"https:\/\/www.vfmedical-shop.ch\/fr\/wp-json\/wp\/v2\/product_brand?post=7189"},{"taxonomy":"product_cat","embeddable":true,"href":"https:\/\/www.vfmedical-shop.ch\/fr\/wp-json\/wp\/v2\/product_cat?post=7189"},{"taxonomy":"product_tag","embeddable":true,"href":"https:\/\/www.vfmedical-shop.ch\/fr\/wp-json\/wp\/v2\/product_tag?post=7189"}],"curies":[{"name":"wp","href":"https:\/\/api.w.org\/{rel}","templated":true}]}}