{"id":7177,"date":"2025-10-15T14:29:36","date_gmt":"2025-10-15T12:29:36","guid":{"rendered":"https:\/\/www.vfmedical-shop.ch\/produkt\/cell-1-creme-riche-50ml\/"},"modified":"2025-10-15T14:44:34","modified_gmt":"2025-10-15T12:44:34","slug":"cell-1-creme-riche-50ml","status":"publish","type":"product","link":"https:\/\/www.vfmedical-shop.ch\/fr\/produit\/cell-1-creme-riche-50ml\/","title":{"rendered":"cell-1 Cr\u00e8me riche 50ml"},"content":{"rendered":"<p><strong>Ingr\u00e9dients :<\/strong><\/p>\n<p>Aqua (eau), Cyclopentasiloxane, Caprylic\/Capric Triglyceride, Decyl Oleate, Butylene Glycol, Tocopheryl Acetate, Cetyl Alcohol, Glyceryl Stearate, PEG-100 Stearate, Glycerin, Sorbitol, Oryza Sativa (Rice) Bran Oil, Pentylene Glycol, Dimethicone Crosspolymer, Steareth-2, Phenoxyethanol, Opuntia Ficus-Indica Stem Extract, VP\/Hexadecene Copolymer, Parfum (Fragrance), Dimethicone\/Vinyl Dimethicone Crosspolymer, Sodium Hyaluronate, Dimethicone, Ethylhexylglycerin, Xanthan Gum, Disodium EDTA, Dimethiconol, Sodium Citrate, PEG-8, Sodium Lactate, Salicornia Herbacea Extract, Tocopherol, Carbomer, Coco-Glucoside, Palmitoyl Tetrapeptide-7, Palmitoyl Tripeptide-1, Ascorbyl Palmitate, Acide ascorbique, Acide citrique, Hydrogenated Palm Glycerides Citrate<\/p>\n","protected":false},"excerpt":{"rendered":"<p>Cette cr\u00e8me intens\u00e9ment hydratante \u00e0 base de hyaluron, d&#8217;huile de son de riz, de vitamine E et de la formule hautement efficace &#8221;Lipex Cellect&#8221; stimule le processus de r\u00e9g\u00e9n\u00e9ration des cellules, prot\u00e8ge contre le stress environnemental, le vieillissement et la s\u00e9cheresse.<\/p>\n<p>La nouvelle ligne de cell-1 est livr\u00e9e sans bo\u00eete pliante.<\/p>\n","protected":false},"featured_media":7152,"template":"","meta":{"_acf_changed":false},"product_brand":[],"product_cat":[218],"product_tag":[221],"class_list":{"0":"post-7177","1":"product","2":"type-product","3":"status-publish","4":"has-post-thumbnail","6":"product_cat-cell-1-peau-et-soins-des-cicatrices","7":"product_tag-soins-des-cicatrices","9":"first","10":"instock","11":"taxable","12":"shipping-taxable","13":"purchasable","14":"product-type-simple"},"acf":[],"_links":{"self":[{"href":"https:\/\/www.vfmedical-shop.ch\/fr\/wp-json\/wp\/v2\/product\/7177","targetHints":{"allow":["GET"]}}],"collection":[{"href":"https:\/\/www.vfmedical-shop.ch\/fr\/wp-json\/wp\/v2\/product"}],"about":[{"href":"https:\/\/www.vfmedical-shop.ch\/fr\/wp-json\/wp\/v2\/types\/product"}],"wp:featuredmedia":[{"embeddable":true,"href":"https:\/\/www.vfmedical-shop.ch\/fr\/wp-json\/wp\/v2\/media\/7152"}],"wp:attachment":[{"href":"https:\/\/www.vfmedical-shop.ch\/fr\/wp-json\/wp\/v2\/media?parent=7177"}],"wp:term":[{"taxonomy":"product_brand","embeddable":true,"href":"https:\/\/www.vfmedical-shop.ch\/fr\/wp-json\/wp\/v2\/product_brand?post=7177"},{"taxonomy":"product_cat","embeddable":true,"href":"https:\/\/www.vfmedical-shop.ch\/fr\/wp-json\/wp\/v2\/product_cat?post=7177"},{"taxonomy":"product_tag","embeddable":true,"href":"https:\/\/www.vfmedical-shop.ch\/fr\/wp-json\/wp\/v2\/product_tag?post=7177"}],"curies":[{"name":"wp","href":"https:\/\/api.w.org\/{rel}","templated":true}]}}