{"id":7175,"date":"2025-10-15T14:28:56","date_gmt":"2025-10-15T12:28:56","guid":{"rendered":"https:\/\/www.vfmedical-shop.ch\/produkt\/cell-1-deodorant-a-bille-50ml\/"},"modified":"2025-10-15T14:44:34","modified_gmt":"2025-10-15T12:44:34","slug":"cell-1-deodorant-a-bille-50ml","status":"publish","type":"product","link":"https:\/\/www.vfmedical-shop.ch\/fr\/produit\/cell-1-deodorant-a-bille-50ml\/","title":{"rendered":"cell-1 D\u00e9odorant \u00e0 bille 50ml"},"content":{"rendered":"<p>Ingr\u00e9dients :<\/p>\n<p>Aqua (Water), Alcohol Denat., Aluminum Chlorohydrate, PEG-40 Hydrogenated Castor Oil, Ethylhexylglycerin, Parfum (Fragrance), Hydroxyethylcellulose<\/p>\n","protected":false},"excerpt":{"rendered":"<p>S\u00fbr, doux et rassurant. Le liquide du d\u00e9odorant \u00e0 bille p\u00e9n\u00e8tre imm\u00e9diatement et donne \u00e0 la peau une agr\u00e9able sensation de puret\u00e9. L&#8217;effet anti-transpirant durable agit pendant des heures et se base sur les ann\u00e9es d&#8217;exp\u00e9rience de nos chercheurs en cosm\u00e9tique. Convient \u00e0 tous les types de peau et \u00e0 tous les sexes.<\/p>\n<p>La nouvelle ligne de cell-1 est livr\u00e9e sans bo\u00eete pliante.<\/p>\n","protected":false},"featured_media":7166,"template":"","meta":{"_acf_changed":false},"product_brand":[],"product_cat":[218],"product_tag":[],"class_list":{"0":"post-7175","1":"product","2":"type-product","3":"status-publish","4":"has-post-thumbnail","6":"product_cat-cell-1-peau-et-soins-des-cicatrices","8":"first","9":"instock","10":"taxable","11":"shipping-taxable","12":"purchasable","13":"product-type-simple"},"acf":[],"_links":{"self":[{"href":"https:\/\/www.vfmedical-shop.ch\/fr\/wp-json\/wp\/v2\/product\/7175","targetHints":{"allow":["GET"]}}],"collection":[{"href":"https:\/\/www.vfmedical-shop.ch\/fr\/wp-json\/wp\/v2\/product"}],"about":[{"href":"https:\/\/www.vfmedical-shop.ch\/fr\/wp-json\/wp\/v2\/types\/product"}],"wp:featuredmedia":[{"embeddable":true,"href":"https:\/\/www.vfmedical-shop.ch\/fr\/wp-json\/wp\/v2\/media\/7166"}],"wp:attachment":[{"href":"https:\/\/www.vfmedical-shop.ch\/fr\/wp-json\/wp\/v2\/media?parent=7175"}],"wp:term":[{"taxonomy":"product_brand","embeddable":true,"href":"https:\/\/www.vfmedical-shop.ch\/fr\/wp-json\/wp\/v2\/product_brand?post=7175"},{"taxonomy":"product_cat","embeddable":true,"href":"https:\/\/www.vfmedical-shop.ch\/fr\/wp-json\/wp\/v2\/product_cat?post=7175"},{"taxonomy":"product_tag","embeddable":true,"href":"https:\/\/www.vfmedical-shop.ch\/fr\/wp-json\/wp\/v2\/product_tag?post=7175"}],"curies":[{"name":"wp","href":"https:\/\/api.w.org\/{rel}","templated":true}]}}