{"id":5896,"date":"2021-11-24T11:09:15","date_gmt":"2021-11-24T10:09:15","guid":{"rendered":"https:\/\/www.vfmedical-shop.ch\/produkt\/guide-aiguille-jetable-sterile-adapte-a-ge-healthcare-ic9-rs\/"},"modified":"2021-11-24T11:25:21","modified_gmt":"2021-11-24T10:25:21","slug":"guide-aiguille-jetable-sterile-adapte-a-ge-healthcare-ic9-rs","status":"publish","type":"product","link":"https:\/\/www.vfmedical-shop.ch\/fr\/produit\/guide-aiguille-jetable-sterile-adapte-a-ge-healthcare-ic9-rs\/","title":{"rendered":"Guide-aiguille jetable st\u00e9rile adapt\u00e9 \u00e0 GE Healthcare IC9-RS"},"content":{"rendered":"<ul>\n<li><span class=\"headingOEM\">Guide d&#8217;aiguille jetable<br \/>\n<\/span><\/li>\n<li>st\u00e9rile<\/li>\n<li>emball\u00e9 individuellement<\/li>\n<li>24 pi\u00e8ces par bo\u00eete<\/li>\n<\/ul>\n","protected":false},"excerpt":{"rendered":"<ul>\n<li><span class=\"headingOEM\">pour GE Healthcare IC5-9-RS, IC5-9W-RS<br \/>\n<\/span><\/li>\n<li>st\u00e9rile<\/li>\n<li>emball\u00e9 individuellement<\/li>\n<li>24 pi\u00e8ces par bo\u00eete<\/li>\n<\/ul>\n","protected":false},"featured_media":5895,"template":"","meta":{"_acf_changed":false},"product_brand":[],"product_cat":[147],"product_tag":[],"class_list":{"0":"post-5896","1":"product","2":"type-product","3":"status-publish","4":"has-post-thumbnail","6":"product_cat-ponction-localisation","8":"first","9":"instock","10":"taxable","11":"shipping-taxable","12":"purchasable","13":"product-type-simple"},"acf":[],"_links":{"self":[{"href":"https:\/\/www.vfmedical-shop.ch\/fr\/wp-json\/wp\/v2\/product\/5896","targetHints":{"allow":["GET"]}}],"collection":[{"href":"https:\/\/www.vfmedical-shop.ch\/fr\/wp-json\/wp\/v2\/product"}],"about":[{"href":"https:\/\/www.vfmedical-shop.ch\/fr\/wp-json\/wp\/v2\/types\/product"}],"wp:featuredmedia":[{"embeddable":true,"href":"https:\/\/www.vfmedical-shop.ch\/fr\/wp-json\/wp\/v2\/media\/5895"}],"wp:attachment":[{"href":"https:\/\/www.vfmedical-shop.ch\/fr\/wp-json\/wp\/v2\/media?parent=5896"}],"wp:term":[{"taxonomy":"product_brand","embeddable":true,"href":"https:\/\/www.vfmedical-shop.ch\/fr\/wp-json\/wp\/v2\/product_brand?post=5896"},{"taxonomy":"product_cat","embeddable":true,"href":"https:\/\/www.vfmedical-shop.ch\/fr\/wp-json\/wp\/v2\/product_cat?post=5896"},{"taxonomy":"product_tag","embeddable":true,"href":"https:\/\/www.vfmedical-shop.ch\/fr\/wp-json\/wp\/v2\/product_tag?post=5896"}],"curies":[{"name":"wp","href":"https:\/\/api.w.org\/{rel}","templated":true}]}}