{"id":5399,"date":"2020-07-02T09:39:54","date_gmt":"2020-07-02T07:39:54","guid":{"rendered":"https:\/\/www.vfmedical-shop.ch\/?post_type=product&#038;p=5399"},"modified":"2025-02-18T16:07:55","modified_gmt":"2025-02-18T15:07:55","slug":"echo-clean-lingettes-impregnees-pour-sondes-dechographie-2-boites-a-120-lingettes","status":"publish","type":"product","link":"https:\/\/www.vfmedical-shop.ch\/fr\/produit\/echo-clean-lingettes-impregnees-pour-sondes-dechographie-2-boites-a-120-lingettes\/","title":{"rendered":"ECHO CLEAN\u00ae lingettes impr\u00e9gn\u00e9es (2 boites \u00e0 120 lingettes)"},"content":{"rendered":"<p><strong>Contenu<\/strong><\/p>\n<p>1 bo\u00eete de conserve\/recharge contient 120 lingettes de 23 x 12 cm.<\/p>\n<ul>\n<li>2 bo\u00eetes de conserve x 120 lingettes<\/li>\n<\/ul>\n<p>&nbsp;<\/p>\n<p><strong>Propri\u00e9t\u00e9s microbiologiques :<\/strong><\/p>\n<p><strong>Bact\u00e9ries :<\/strong><\/p>\n<p>-EN 13727 : Pseudomonas aeruginosa, Staphylococcus aureus, Enterococcus hirae : actif en 1 minute.<\/p>\n<p>-EN 1276 : Pseudomonas aeruginosa, Escherichia coli, Enterococcus hirae, Staphylococcus aureus : actif en 5 minutes.<\/p>\n<p>-EN 13697 : Pseudomonas aeruginosa, Escherichia coli, Staphylococcus aureus, Enterococcus hirae : actif en 5 minutes.<\/p>\n<p>-EN 14561 : Pseudomonas aeruginosa, Staphylococcus aureus, Enterococcus hirae, Acinetobacter baumannii : actif en 5 minutes.<\/p>\n<p>-EN 16615 (uniquement pour les lingettes) : Pseudomonas aeruginosa, Staphylococcus aureus, Enterococcus hirae : actif en 5 minutes.<\/p>\n<p><strong>Levures \/ Moisissures :<\/strong><\/p>\n<p>-EN 13624 : Candida albicans : actif en 1 minute.<\/p>\n<p>-EN13624 : Aspergillus brasiliensis (niger) : actif en 5 minutes<\/p>\n<p>-EN 1650 : Candida albicans, aspergillus brasiliensis (niger) : actif en 5 minutes.<\/p>\n<p>-EN 13697 : Candida albicans, aspergillus brasiliensis (niger) : actif en 5 minutes.<\/p>\n<p>-EN 14562 : Candida albicans, aspergillus brasiliensis (niger) : actif en 5 minutes.<\/p>\n<p>-EN 16615 (uniquement pour les lingettes) : Candida albicans : actif en 5 minutes.<\/p>\n<p><strong>Virus :<\/strong><\/p>\n<p>-EN 14476 : Novovirus, HIV-1 : actif en 30 secondes.<\/p>\n<p>-EN 14476 : H\u00e9patite B virus, Herpes virus, Influenza A\/H1N1 : actif en 1 minute.<\/p>\n<p>-EN 14476 : H\u00e9patite C, Rotavirus, Adenovirus : actif en 5 minutes.<\/p>\n<p>-EN 16777 Vaccine1, Adenovirus, Norovirus : actif en 5 minutes.<\/p>\n<p><strong>Mycobact\u00e9ries:<\/strong><\/p>\n<p>-EN 14348 : Mycobacterium terrae : actif en 5 minutes.<\/p>\n<p>-EN 14563 : Mycobacterium terrae : actif en 30 secondes.<\/p>\n<p><strong>Spores :<\/strong><\/p>\n<p>-EN 13704 : Clostridium difficile : actif en 15 minutes.<\/p>\n<p>-NF T 72-281 (uniquement pour le spray) : : Bacillus subtilis : actif en 5 minutes.<\/p>\n<p>1. Le Virus de la Vaccine est le virus repr\u00e9sentatif des virus envelopp\u00e9s pr\u00e9sent\u00e9s dans l&#8217;Annexe B de la norme EN 17111, comme par exemple : Virus de l&#8217;h\u00e9patite B (VHB) ; Virus de l&#8217;h\u00e9patite C (VHC) ; Virus de l&#8217;immunod\u00e9ficience humaine (VIH) ; Herpesviridae (Herp\u00e8s virus) ; Coronavirus ; Virus de la grippe, de la rage, de la rub\u00e9ole, de la rougeole ; &#8230;<\/p>\n","protected":false},"excerpt":{"rendered":"<p><strong>Descriptif du dispositif :<\/strong> Pour le nettoyage et la d\u00e9sinfection de niveau interm\u00e9diaire des dispositifs m\u00e9dicaux. Usage par essuyage humide sur les dispositifs m\u00e9dicaux non immergeables, invasifs et non invasifs (g\u00e9n\u00e9rateurs d&#8217;h\u00e9modialyse, unit dentaire).<\/p>\n<p><strong>Etat physique :<\/strong> liquide incolore.<\/p>\n<p><strong>pH :<\/strong> 7,0 +\/- 0,5.<\/p>\n<p><strong>Parfum :<\/strong> pamplemousse<\/p>\n<ul>\n<li>Activit\u00e9 totale en 5 min<\/li>\n<li>Sp\u00e9cialement \u00e9tudi\u00e9 pour le nettoyage<br \/>\net la d\u00e9sinfection<\/li>\n<li>Sans ald\u00e9hyde, ni colorant<\/li>\n<li>S\u00e9chage rapide, sans trace<\/li>\n<li>Pr\u00eat \u00e0 l\u2019emploi<\/li>\n<li>Boite 120 lingettes, 230 x 120 mm Unit\u00e9<\/li>\n<\/ul>\n<p>&nbsp;<\/p>\n<p><strong>Mode d\u2019emploi : <\/strong>Retranscription des instructions d&#8217;utilisation du fabricant.<\/p>\n<ol>\n<li>Sortir une lingette de sa boite.<\/li>\n<li>Nettoyer minutieusement la surface.<\/li>\n<li>Laisser agir le produit 5 minutes (15 minutes pour C.difficile). Ne pas rincer (sauf pour les surfacesavec contact alimentaire).<\/li>\n<li>Changer de lingette pour chaque \u00e9quipement.<\/li>\n<li>Bien refermer la boite apr\u00e8s chaque utilisation.<\/li>\n<\/ol>\n<p>&nbsp;<\/p>\n<p><strong>IMPORTANT :<\/strong> Ce produit n&#8217;est pas valid\u00e9 par GE Healthcare pour le nettoyage et la d\u00e9sinfection des sondes ultrasoniques.<\/p>\n<p><a href=\"https:\/\/www.vfmedical-shop.ch\/wp-content\/uploads\/2020\/10\/FT_ECHO-CLEAN-EN.pdf\"><strong>t\u00e9l\u00e9charger la fiche technique<\/strong><\/a><\/p>\n","protected":false},"featured_media":5414,"template":"","meta":{"_acf_changed":false},"product_brand":[],"product_cat":[175],"product_tag":[],"class_list":{"0":"post-5399","1":"product","2":"type-product","3":"status-publish","4":"has-post-thumbnail","6":"product_cat-desinfection-hygiene","8":"first","9":"instock","10":"taxable","11":"shipping-taxable","12":"purchasable","13":"product-type-simple"},"acf":[],"_links":{"self":[{"href":"https:\/\/www.vfmedical-shop.ch\/fr\/wp-json\/wp\/v2\/product\/5399","targetHints":{"allow":["GET"]}}],"collection":[{"href":"https:\/\/www.vfmedical-shop.ch\/fr\/wp-json\/wp\/v2\/product"}],"about":[{"href":"https:\/\/www.vfmedical-shop.ch\/fr\/wp-json\/wp\/v2\/types\/product"}],"wp:featuredmedia":[{"embeddable":true,"href":"https:\/\/www.vfmedical-shop.ch\/fr\/wp-json\/wp\/v2\/media\/5414"}],"wp:attachment":[{"href":"https:\/\/www.vfmedical-shop.ch\/fr\/wp-json\/wp\/v2\/media?parent=5399"}],"wp:term":[{"taxonomy":"product_brand","embeddable":true,"href":"https:\/\/www.vfmedical-shop.ch\/fr\/wp-json\/wp\/v2\/product_brand?post=5399"},{"taxonomy":"product_cat","embeddable":true,"href":"https:\/\/www.vfmedical-shop.ch\/fr\/wp-json\/wp\/v2\/product_cat?post=5399"},{"taxonomy":"product_tag","embeddable":true,"href":"https:\/\/www.vfmedical-shop.ch\/fr\/wp-json\/wp\/v2\/product_tag?post=5399"}],"curies":[{"name":"wp","href":"https:\/\/api.w.org\/{rel}","templated":true}]}}