{"id":5273,"date":"2015-05-15T09:53:48","date_gmt":"2020-05-07T12:32:10","guid":{"rendered":"https:\/\/www.vfmedical-shop.ch\/produkt\/parker-aquasonic-100-flacon-de-250ml-bleute\/"},"modified":"2020-05-07T14:32:10","modified_gmt":"2020-05-07T12:32:10","slug":"parker-aquasonic-100-12x250ml-2","status":"publish","type":"product","link":"https:\/\/www.vfmedical-shop.ch\/fr\/produit\/parker-aquasonic-100-12x250ml-2\/","title":{"rendered":"Parker Aquasonic 100, flacon de 250ml, bleut\u00e9"},"content":{"rendered":"<ul>\n<li>La r\u00e9f\u00e9rence sur le march\u00e9 de l\u2019\u00e9chographie<\/li>\n<li>hypoallerg\u00e9nique<\/li>\n<li>Bact\u00e9riostatique<\/li>\n<li>ne pas irriter la peau<\/li>\n<li>Ne contient ni sel, ni formald\u00e9hyde<\/li>\n<li>Gel visqueux<\/li>\n<li>bleut\u00e9<\/li>\n<li>12 flacons \u00e0 250ml<\/li>\n<\/ul>\n","protected":false},"excerpt":{"rendered":"<ul>\n<li>La r\u00e9f\u00e9rence sur le march\u00e9 de l\u2019\u00e9chographie<\/li>\n<li>hypoallerg\u00e9nique<\/li>\n<li>Bact\u00e9riostatique<\/li>\n<li>ne pas irriter la peau<\/li>\n<li>Ne contient ni sel, ni formald\u00e9hyde<\/li>\n<li>Gel visqueux<\/li>\n<li>bleut\u00e9<\/li>\n<li>12 flacons \u00e0 250ml<\/li>\n<\/ul>\n<p>&nbsp;<\/p>\n","protected":false},"featured_media":5267,"template":"","meta":{"_acf_changed":false},"product_brand":[],"product_cat":[154],"product_tag":[],"class_list":{"0":"post-5273","1":"product","2":"type-product","3":"status-publish","4":"has-post-thumbnail","6":"product_cat-parker-aquasonic-gel-fr","8":"first","9":"instock","10":"taxable","11":"shipping-taxable","12":"purchasable","13":"product-type-simple"},"acf":[],"_links":{"self":[{"href":"https:\/\/www.vfmedical-shop.ch\/fr\/wp-json\/wp\/v2\/product\/5273","targetHints":{"allow":["GET"]}}],"collection":[{"href":"https:\/\/www.vfmedical-shop.ch\/fr\/wp-json\/wp\/v2\/product"}],"about":[{"href":"https:\/\/www.vfmedical-shop.ch\/fr\/wp-json\/wp\/v2\/types\/product"}],"wp:featuredmedia":[{"embeddable":true,"href":"https:\/\/www.vfmedical-shop.ch\/fr\/wp-json\/wp\/v2\/media\/5267"}],"wp:attachment":[{"href":"https:\/\/www.vfmedical-shop.ch\/fr\/wp-json\/wp\/v2\/media?parent=5273"}],"wp:term":[{"taxonomy":"product_brand","embeddable":true,"href":"https:\/\/www.vfmedical-shop.ch\/fr\/wp-json\/wp\/v2\/product_brand?post=5273"},{"taxonomy":"product_cat","embeddable":true,"href":"https:\/\/www.vfmedical-shop.ch\/fr\/wp-json\/wp\/v2\/product_cat?post=5273"},{"taxonomy":"product_tag","embeddable":true,"href":"https:\/\/www.vfmedical-shop.ch\/fr\/wp-json\/wp\/v2\/product_tag?post=5273"}],"curies":[{"name":"wp","href":"https:\/\/api.w.org\/{rel}","templated":true}]}}