{"id":5266,"date":"2015-05-15T09:56:39","date_gmt":"2020-05-07T12:24:12","guid":{"rendered":"https:\/\/www.vfmedical-shop.ch\/produkt\/parker-aquasonic-100-20gr-sac-sterile-bleu\/"},"modified":"2020-05-07T14:24:13","modified_gmt":"2020-05-07T12:24:13","slug":"parker-aquasonic-100-48x20g","status":"publish","type":"product","link":"https:\/\/www.vfmedical-shop.ch\/fr\/produit\/parker-aquasonic-100-48x20g\/","title":{"rendered":"Parker Aquasonic 100, 20gr. Sac, st\u00e9rile, bleu"},"content":{"rendered":"<ul>\n<li><span id=\"result_box\" class=\"\" lang=\"de\"><span class=\"hps\">dans<\/span> <span class=\"hps\">un emballage double st\u00e9rile<\/span><\/span><\/li>\n<li><span id=\"result_box\" class=\"\" lang=\"de\"><span class=\"hps\">st\u00e9rilis\u00e9<\/span> avec des <span class=\"hps\">rayons gamma<\/span><\/span><\/li>\n<li>La r\u00e9f\u00e9rence sur le march\u00e9 de l\u2019\u00e9chographie<\/li>\n<li>hypoallerg\u00e9nique<\/li>\n<li>ne pas irriter la peau<\/li>\n<li>Ne contient ni sel, ni formald\u00e9hyde<\/li>\n<li>Gel visqueux<\/li>\n<li>bleut\u00e9<\/li>\n<li><span id=\"result_box\" class=\"\" lang=\"de\"><span class=\"hps\">48 sacs de 20ml<\/span><\/span><\/li>\n<\/ul>\n","protected":false},"excerpt":{"rendered":"<p>&nbsp;<\/p>\n<ul>\n<li><span id=\"result_box\" class=\"\" lang=\"de\"><span class=\"hps\">dans<\/span> <span class=\"hps\">un emballage double st\u00e9rile<\/span><\/span><\/li>\n<li><span id=\"result_box\" class=\"\" lang=\"de\"><span class=\"hps\">st\u00e9rilis\u00e9<\/span> avec des <span class=\"hps\">rayons gamma<\/span><\/span><\/li>\n<li>formule unique<\/li>\n<li>hypoallerg\u00e9nique<\/li>\n<li>ne pas irriter la peau<\/li>\n<li>Ne contient ni sel, ni formald\u00e9hyde<\/li>\n<li>Gel visqueux<\/li>\n<li>bleut\u00e9<\/li>\n<li><span id=\"result_box\" class=\"\" lang=\"de\"><span class=\"hps\">48 sacs de 20ml<\/span><\/span><\/li>\n<\/ul>\n<p>&nbsp;<\/p>\n<p>&nbsp;<\/p>\n<p>&nbsp;<\/p>\n","protected":false},"featured_media":5267,"template":"","meta":{"_acf_changed":false},"product_brand":[],"product_cat":[154],"product_tag":[],"class_list":{"0":"post-5266","1":"product","2":"type-product","3":"status-publish","4":"has-post-thumbnail","6":"product_cat-parker-aquasonic-gel-fr","8":"first","9":"instock","10":"taxable","11":"shipping-taxable","12":"purchasable","13":"product-type-simple"},"acf":[],"_links":{"self":[{"href":"https:\/\/www.vfmedical-shop.ch\/fr\/wp-json\/wp\/v2\/product\/5266","targetHints":{"allow":["GET"]}}],"collection":[{"href":"https:\/\/www.vfmedical-shop.ch\/fr\/wp-json\/wp\/v2\/product"}],"about":[{"href":"https:\/\/www.vfmedical-shop.ch\/fr\/wp-json\/wp\/v2\/types\/product"}],"wp:featuredmedia":[{"embeddable":true,"href":"https:\/\/www.vfmedical-shop.ch\/fr\/wp-json\/wp\/v2\/media\/5267"}],"wp:attachment":[{"href":"https:\/\/www.vfmedical-shop.ch\/fr\/wp-json\/wp\/v2\/media?parent=5266"}],"wp:term":[{"taxonomy":"product_brand","embeddable":true,"href":"https:\/\/www.vfmedical-shop.ch\/fr\/wp-json\/wp\/v2\/product_brand?post=5266"},{"taxonomy":"product_cat","embeddable":true,"href":"https:\/\/www.vfmedical-shop.ch\/fr\/wp-json\/wp\/v2\/product_cat?post=5266"},{"taxonomy":"product_tag","embeddable":true,"href":"https:\/\/www.vfmedical-shop.ch\/fr\/wp-json\/wp\/v2\/product_tag?post=5266"}],"curies":[{"name":"wp","href":"https:\/\/api.w.org\/{rel}","templated":true}]}}