{"id":5222,"date":"2015-05-15T10:17:16","date_gmt":"2020-05-05T10:16:12","guid":{"rendered":"https:\/\/www.vfmedical-shop.ch\/produkt\/protege-sondes-steriles-pullup-universellement-applicable-14-x-61cm\/"},"modified":"2020-05-05T12:30:34","modified_gmt":"2020-05-05T10:30:34","slug":"universell-einsetzbare-pullup-sondenhuelle-15x61cm","status":"publish","type":"product","link":"https:\/\/www.vfmedical-shop.ch\/fr\/produit\/universell-einsetzbare-pullup-sondenhuelle-15x61cm\/","title":{"rendered":"Prot\u00e8ge-sondes st\u00e9riles PullUp universellement applicable (14 x 61cm)"},"content":{"rendered":"<ul>\n<li data-canvas-width=\"219.40200000000004\"><span id=\"result_box\" class=\"\" lang=\"de\"><span class=\"\">Non<\/span> fait avec <span class=\"\">du latex<\/span><\/span><\/li>\n<li data-canvas-width=\"219.40200000000004\"><span id=\"result_box\" class=\"\" lang=\"de\"><span class=\"\">Le polyur\u00e9thane comme<\/span> alternative recommand\u00e9e <span class=\"\">au<\/span> latex<br \/>\n<\/span><\/li>\n<li data-canvas-width=\"219.40200000000004\"><span id=\"result_box\" class=\"\" lang=\"de\"><span class=\"\">Mat\u00e9riel doux et<\/span> <span class=\"\">confortable<\/span> <\/span><\/li>\n<li data-canvas-width=\"219.40200000000004\"><span id=\"result_box\" class=\"\" lang=\"de\">\u00c9mule les propri\u00e9t\u00e9s <span class=\"\">du tissu humain<\/span> pour la num\u00e9risation sans distorsion<\/span><\/li>\n<li data-canvas-width=\"219.40200000000004\">st\u00e9rile<\/li>\n<li data-canvas-width=\"219.40200000000004\">PullUp Prot\u00e8ge-sondes + 2 bandes \u00e9lastiques + 1 sachet de gel st\u00e9rile<\/li>\n<li data-canvas-width=\"219.40200000000004\">14 x 61 cm<\/li>\n<li data-canvas-width=\"203.094\">Bo\u00eete de 24 pi\u00e8ces<\/li>\n<\/ul>\n","protected":false},"excerpt":{"rendered":"<ul>\n<li data-canvas-width=\"219.40200000000004\"><span id=\"result_box\" class=\"\" lang=\"de\"><span class=\"\">Non<\/span> fait avec <span class=\"\">du latex<\/span><\/span><\/li>\n<li data-canvas-width=\"219.40200000000004\"><span id=\"result_box\" class=\"\" lang=\"de\"><span class=\"\">Le polyur\u00e9thane comme<\/span> alternative recommand\u00e9e <span class=\"\">au<\/span> latex<br \/>\n<\/span><\/li>\n<li data-canvas-width=\"219.40200000000004\"><span id=\"result_box\" class=\"\" lang=\"de\"><span class=\"\">Mat\u00e9riel doux et<\/span> <span class=\"\">confortable<\/span> <\/span><\/li>\n<li data-canvas-width=\"219.40200000000004\"><span id=\"result_box\" class=\"\" lang=\"de\">\u00c9mule les propri\u00e9t\u00e9s <span class=\"\">du tissu humain<\/span> pour la num\u00e9risation sans distorsion<\/span><\/li>\n<li data-canvas-width=\"219.40200000000004\">st\u00e9rile<\/li>\n<li data-canvas-width=\"219.40200000000004\">PullUp Prot\u00e8ge-sondes + 2 bandes \u00e9lastiques + 1 sachet de gel st\u00e9rile<\/li>\n<li data-canvas-width=\"219.40200000000004\">14 x 61 cm<\/li>\n<li data-canvas-width=\"203.094\">Bo\u00eete de 24 pi\u00e8ces<\/li>\n<\/ul>\n","protected":false},"featured_media":5203,"template":"","meta":{"_acf_changed":false},"product_brand":[],"product_cat":[159],"product_tag":[],"class_list":{"0":"post-5222","1":"product","2":"type-product","3":"status-publish","4":"has-post-thumbnail","6":"product_cat-protections-pour-sondes","8":"first","9":"instock","10":"taxable","11":"shipping-taxable","12":"purchasable","13":"product-type-simple"},"acf":[],"_links":{"self":[{"href":"https:\/\/www.vfmedical-shop.ch\/fr\/wp-json\/wp\/v2\/product\/5222","targetHints":{"allow":["GET"]}}],"collection":[{"href":"https:\/\/www.vfmedical-shop.ch\/fr\/wp-json\/wp\/v2\/product"}],"about":[{"href":"https:\/\/www.vfmedical-shop.ch\/fr\/wp-json\/wp\/v2\/types\/product"}],"wp:featuredmedia":[{"embeddable":true,"href":"https:\/\/www.vfmedical-shop.ch\/fr\/wp-json\/wp\/v2\/media\/5203"}],"wp:attachment":[{"href":"https:\/\/www.vfmedical-shop.ch\/fr\/wp-json\/wp\/v2\/media?parent=5222"}],"wp:term":[{"taxonomy":"product_brand","embeddable":true,"href":"https:\/\/www.vfmedical-shop.ch\/fr\/wp-json\/wp\/v2\/product_brand?post=5222"},{"taxonomy":"product_cat","embeddable":true,"href":"https:\/\/www.vfmedical-shop.ch\/fr\/wp-json\/wp\/v2\/product_cat?post=5222"},{"taxonomy":"product_tag","embeddable":true,"href":"https:\/\/www.vfmedical-shop.ch\/fr\/wp-json\/wp\/v2\/product_tag?post=5222"}],"curies":[{"name":"wp","href":"https:\/\/api.w.org\/{rel}","templated":true}]}}