{"id":4470,"date":"2017-07-10T10:03:01","date_gmt":"2017-07-10T08:03:01","guid":{"rendered":"https:\/\/www.vfmedical-shop.ch\/produkt\/guide-daiguilles-jetables-steriles-adapte-a-ge-healthcare-be9c-be9cs\/"},"modified":"2021-11-24T11:32:21","modified_gmt":"2021-11-24T10:32:21","slug":"sterile-einweg-nadelfuehrung-passend-zu-ge-healthcare-be9c-be9cs-2","status":"publish","type":"product","link":"https:\/\/www.vfmedical-shop.ch\/fr\/produit\/sterile-einweg-nadelfuehrung-passend-zu-ge-healthcare-be9c-be9cs-2\/","title":{"rendered":"Guide d\u2019aiguilles jetables st\u00e9riles adapt\u00e9 \u00e0 GE Healthcare BE9C, BE9CS"},"content":{"rendered":"<p><strong>Kits de biopsie pour sondes endocavitaires<\/strong><\/p>\n<p>Nos kits st\u00e9riles pour sondes endocavitaires contiennent:<\/p>\n<ul>\n<li>un guide-aiguille en plastique<\/li>\n<li>un prot\u00e8ge-sonde en latex<\/li>\n<li>2 bandes \u00e9lastiques<\/li>\n<li>20 g de gel st\u00e9rile Aquasonic 100<\/li>\n<\/ul>\n","protected":false},"excerpt":{"rendered":"<ul>\n<li>GE Healthcare BE9C, BE9CS<\/li>\n<li>st\u00e9rile<\/li>\n<li>Emball\u00e9 individuellement<\/li>\n<li>24 pi\u00e8ces par bo\u00eete<\/li>\n<\/ul>\n","protected":false},"featured_media":4471,"template":"","meta":{"_acf_changed":false},"product_brand":[],"product_cat":[147],"product_tag":[],"class_list":{"0":"post-4470","1":"product","2":"type-product","3":"status-publish","4":"has-post-thumbnail","6":"product_cat-ponction-localisation","8":"first","9":"instock","10":"taxable","11":"shipping-taxable","12":"purchasable","13":"product-type-simple"},"acf":[],"_links":{"self":[{"href":"https:\/\/www.vfmedical-shop.ch\/fr\/wp-json\/wp\/v2\/product\/4470","targetHints":{"allow":["GET"]}}],"collection":[{"href":"https:\/\/www.vfmedical-shop.ch\/fr\/wp-json\/wp\/v2\/product"}],"about":[{"href":"https:\/\/www.vfmedical-shop.ch\/fr\/wp-json\/wp\/v2\/types\/product"}],"wp:featuredmedia":[{"embeddable":true,"href":"https:\/\/www.vfmedical-shop.ch\/fr\/wp-json\/wp\/v2\/media\/4471"}],"wp:attachment":[{"href":"https:\/\/www.vfmedical-shop.ch\/fr\/wp-json\/wp\/v2\/media?parent=4470"}],"wp:term":[{"taxonomy":"product_brand","embeddable":true,"href":"https:\/\/www.vfmedical-shop.ch\/fr\/wp-json\/wp\/v2\/product_brand?post=4470"},{"taxonomy":"product_cat","embeddable":true,"href":"https:\/\/www.vfmedical-shop.ch\/fr\/wp-json\/wp\/v2\/product_cat?post=4470"},{"taxonomy":"product_tag","embeddable":true,"href":"https:\/\/www.vfmedical-shop.ch\/fr\/wp-json\/wp\/v2\/product_tag?post=4470"}],"curies":[{"name":"wp","href":"https:\/\/api.w.org\/{rel}","templated":true}]}}