{"id":2622,"date":"2016-03-24T09:27:56","date_gmt":"2016-03-24T08:27:56","guid":{"rendered":"https:\/\/www.vfmedical-shop.ch\/produkt\/ekg-electrodes-skintact-fs-50\/"},"modified":"2020-03-15T19:29:25","modified_gmt":"2020-03-15T18:29:25","slug":"ekg-electrodes-skintact-fs-50","status":"publish","type":"product","link":"https:\/\/www.vfmedical-shop.ch\/fr\/produit\/ekg-electrodes-skintact-fs-50\/","title":{"rendered":"EKG-Electrodes Skintact FS-50"},"content":{"rendered":"<p>&nbsp;<\/p>\n<ul>\n<li>Gel: Aqua-Wet<\/li>\n<li>Connecteur: Bouton pression carbone<\/li>\n<li>Type de gel: PE-Mousse<\/li>\n<li>Adh\u00e9sif: tr\u00e8s adh\u00e9sif<\/li>\n<li>Dimensions 50 mm<\/li>\n<li>Utilisation: Contr\u00f4le \u00e0 court terme<\/li>\n<li>Box \u00e0 30 pcs<\/li>\n<\/ul>\n<p>&nbsp;<\/p>\n","protected":false},"excerpt":{"rendered":"<ul>\n<li>Gel: Aqua-Wet<\/li>\n<li>Connecteur: Bouton pression carbone<\/li>\n<li>Type de gel: PE-Mousse<\/li>\n<li>Adh\u00e9sif: tr\u00e8s adh\u00e9sif<\/li>\n<li>Dimensions 50 mm<\/li>\n<li>Utilisation: Contr\u00f4le \u00e0 court terme<\/li>\n<li>Box \u00e0 30 pcs<\/li>\n<\/ul>\n","protected":false},"featured_media":2623,"template":"","meta":{"_acf_changed":false},"product_brand":[],"product_cat":[148],"product_tag":[],"class_list":{"0":"post-2622","1":"product","2":"type-product","3":"status-publish","4":"has-post-thumbnail","6":"product_cat-electrodes","8":"first","9":"instock","10":"taxable","11":"shipping-taxable","12":"purchasable","13":"product-type-simple"},"acf":[],"_links":{"self":[{"href":"https:\/\/www.vfmedical-shop.ch\/fr\/wp-json\/wp\/v2\/product\/2622","targetHints":{"allow":["GET"]}}],"collection":[{"href":"https:\/\/www.vfmedical-shop.ch\/fr\/wp-json\/wp\/v2\/product"}],"about":[{"href":"https:\/\/www.vfmedical-shop.ch\/fr\/wp-json\/wp\/v2\/types\/product"}],"wp:featuredmedia":[{"embeddable":true,"href":"https:\/\/www.vfmedical-shop.ch\/fr\/wp-json\/wp\/v2\/media\/2623"}],"wp:attachment":[{"href":"https:\/\/www.vfmedical-shop.ch\/fr\/wp-json\/wp\/v2\/media?parent=2622"}],"wp:term":[{"taxonomy":"product_brand","embeddable":true,"href":"https:\/\/www.vfmedical-shop.ch\/fr\/wp-json\/wp\/v2\/product_brand?post=2622"},{"taxonomy":"product_cat","embeddable":true,"href":"https:\/\/www.vfmedical-shop.ch\/fr\/wp-json\/wp\/v2\/product_cat?post=2622"},{"taxonomy":"product_tag","embeddable":true,"href":"https:\/\/www.vfmedical-shop.ch\/fr\/wp-json\/wp\/v2\/product_tag?post=2622"}],"curies":[{"name":"wp","href":"https:\/\/api.w.org\/{rel}","templated":true}]}}