{"id":2323,"date":"2015-05-15T10:13:56","date_gmt":"2020-03-10T08:35:28","guid":{"rendered":"https:\/\/www.vfmedical-shop.ch\/produkt\/septiwibes-lingettes-desinfectantes-sans-alcool-12-boites-a-100-lingettes\/"},"modified":"2024-07-30T16:03:42","modified_gmt":"2024-07-30T14:03:42","slug":"septiwipes-12x100","status":"publish","type":"product","link":"https:\/\/www.vfmedical-shop.ch\/fr\/produit\/septiwipes-12x100\/","title":{"rendered":"Lingettes de d\u00e9sinfection de Septiwipes (12 bo\u00eetes de 100 lingettes)"},"content":{"rendered":"<p><strong>Nettoyage et d\u00e9sinfection recommand\u00e9s par le fabricant pour tous les SONDEN de la famille GE Ultrasonic. Assure un nettoyage professionnel et optimal ainsi que l\u2019entretien des services de garantie.<\/strong><\/p>\n<p>&nbsp;<\/p>\n<p><strong>Propri\u00e9t\u00e9s microbiologiques :<\/strong><\/p>\n<p>Les donn\u00e9es se r\u00e9f\u00e8rent au fluide impr\u00e9gnant<\/p>\n<ul>\n<li>BACT\u00c9RICIDE : EN 1040, EN 13727, EN 1276, EN 13697 &#8211; 5 min, \u00e9tude sur carr\u00e9s de gaze imbib\u00e9s : Enterococcus hirae, Pseudomonas aeruginosa, Staphylococcus aureus<\/li>\n<li>LEVURICIDE : EN 1275, EN 13624, EN 1650, EN 13697 &#8211; 5 min sur Candida albicans<\/li>\n<li>VIRUCIDE : EN 14476 Vaccinia virus 30 sec; BVDV, H\u00e9patite C, Rotavirus, VIH 30 sec; SV40, Papovavirus, Polyomavirus, Influenza A\/H1N1, H5\/N1, H\u00e9patite B 2 min.<\/li>\n<\/ul>\n<p>&nbsp;<\/p>\n<p><strong>Composition<\/strong><\/p>\n<p>100 g de liquide d\u2019arrosage contenu comme ingr\u00e9dients actifs : 0,25 g de chlorure de chlorure de didecyldimethylammonium 0,5 g compos\u00e9s d\u2019ammonium quaternaire, benzyl-C12-16-alkyldimethyl, chlorides<\/p>\n<p>&nbsp;<\/p>\n<p><strong>Condt.<\/strong><\/p>\n<p>Boite distributrice de 100 lingettes, 200 x 140 mm<\/p>\n<ul>\n<li>sans alcool<\/li>\n<li>12 boites x 100 lingettes<\/li>\n<\/ul>\n<p><a href=\"https:\/\/www.vfmedical-shop.ch\/wp-content\/uploads\/2020\/03\/Septiwipes-Hersteller-Flyer.pdf\"><strong>T\u00e9l\u00e9charger les informations du fabricant<\/strong><\/a><\/p>\n","protected":false},"excerpt":{"rendered":"<p><strong>s\u00e9curis\u00e9<\/strong><\/p>\n<ul>\n<li>Pr\u00e9serve l\u2019int\u00e9grit\u00e9 des sondes<\/li>\n<li>DGHM \/ VAH list\u00e9<\/li>\n<li>conf. Ordonnance sur les produits biocides : d\u00e9sinfection et nettoyage rapides de l&#8217;inventaire m\u00e9dical et des surfaces de toutes sortes sensibles \u00e0 l&#8217;alcool<\/li>\n<li>Sans alcohol, sans ph\u00e9nol, ni ald\u00e9hyde, test\u00e9 sous contr\u00f4le dermatologique<\/li>\n<li>A base de compos\u00e9s modernes d&#8217;ammonium quaternaire<\/li>\n<li>Tr\u00e8s faible toxicit\u00e9 avec un excellent pouvoir de nettoyage<\/li>\n<\/ul>\n<p>&nbsp;<\/p>\n<p><strong>Polyvalence d&#8217;utilisation<\/strong><\/p>\n<ul>\n<li>Pour une d\u00e9sinfection et un nettoyage rapides de l&#8217;inventaire m\u00e9dical et des surfaces de toutes sortes<\/li>\n<li>Particuli\u00e8rement adapt\u00e9 aux dispositifs m\u00e9dicaux sensibles \u00e0 l&#8217;alcool tels que les t\u00eates \u00e0 ultrasons<\/li>\n<\/ul>\n<p>&nbsp;<\/p>\n<p><strong>Facilit\u00e9 d&#8217;utilisation<\/strong><\/p>\n<ul>\n<li>Les septiwipes peuvent \u00eatre retir\u00e9es individuellement de la bo\u00eete de distribution et utilis\u00e9es imm\u00e9diatement<\/li>\n<li>Essuyer les surfaces et les objets jusqu&#8217;\u00e0 ce qu&#8217;ils soient compl\u00e8tement mouill\u00e9s<\/li>\n<li>Essuyer avec un chiffon jetable apr\u00e8s l&#8217;expiration du temps d&#8217;exposition, si n\u00e9cessaire<\/li>\n<li>Fondamentalement, il est important de s&#8217;assurer que la t\u00eate d&#8217;\u00e9chographie est d\u00e9sinfect\u00e9e avec les lingettes de d\u00e9sinfection Septiwipes avant chaque utilisation<\/li>\n<li>La d\u00e9sinfection par essuyage ne remplace pas la d\u00e9sinfection par immersion, qui doit \u00eatre effectu\u00e9e \u00e0 intervalles r\u00e9guliers<\/li>\n<\/ul>\n<p>&nbsp;<\/p>\n<p><strong>Temps d\u2019insertion<\/strong><\/p>\n<ul>\n<li>Bact\u00e9ries et champignons ainsi que virus envelopp\u00e9s tels que le VHB, le VIH, le VHC, les virus rota : 1 min<\/li>\n<li>Virus de la papaye : 5 min<\/li>\n<\/ul>\n<p>&nbsp;<\/p>\n<p><strong>Composition<br \/>\n<\/strong><br \/>\ncontient 100 g de liquide de trempage comme ingr\u00e9dients actifs :<\/p>\n<ul>\n<li>0,25 g de chlorure de did\u00e9cyldim\u00e9thylammonium<\/li>\n<li>0,50 g de chlorure d&#8217;alkylbenzyldim\u00e9thylammonium<\/li>\n<\/ul>\n","protected":false},"featured_media":2316,"template":"","meta":{"_acf_changed":false},"product_brand":[],"product_cat":[151],"product_tag":[],"class_list":{"0":"post-2323","1":"product","2":"type-product","3":"status-publish","4":"has-post-thumbnail","6":"product_cat-septiwipes-lingettes-desinfectantes","8":"first","9":"instock","10":"taxable","11":"shipping-taxable","12":"purchasable","13":"product-type-simple"},"acf":[],"_links":{"self":[{"href":"https:\/\/www.vfmedical-shop.ch\/fr\/wp-json\/wp\/v2\/product\/2323","targetHints":{"allow":["GET"]}}],"collection":[{"href":"https:\/\/www.vfmedical-shop.ch\/fr\/wp-json\/wp\/v2\/product"}],"about":[{"href":"https:\/\/www.vfmedical-shop.ch\/fr\/wp-json\/wp\/v2\/types\/product"}],"wp:featuredmedia":[{"embeddable":true,"href":"https:\/\/www.vfmedical-shop.ch\/fr\/wp-json\/wp\/v2\/media\/2316"}],"wp:attachment":[{"href":"https:\/\/www.vfmedical-shop.ch\/fr\/wp-json\/wp\/v2\/media?parent=2323"}],"wp:term":[{"taxonomy":"product_brand","embeddable":true,"href":"https:\/\/www.vfmedical-shop.ch\/fr\/wp-json\/wp\/v2\/product_brand?post=2323"},{"taxonomy":"product_cat","embeddable":true,"href":"https:\/\/www.vfmedical-shop.ch\/fr\/wp-json\/wp\/v2\/product_cat?post=2323"},{"taxonomy":"product_tag","embeddable":true,"href":"https:\/\/www.vfmedical-shop.ch\/fr\/wp-json\/wp\/v2\/product_tag?post=2323"}],"curies":[{"name":"wp","href":"https:\/\/api.w.org\/{rel}","templated":true}]}}