{"id":6451,"date":"2023-09-13T09:00:57","date_gmt":"2023-09-13T07:00:57","guid":{"rendered":"https:\/\/www.vfmedical-shop.ch\/impressum\/"},"modified":"2023-09-13T09:26:29","modified_gmt":"2023-09-13T07:26:29","slug":"mentions-legales","status":"publish","type":"page","link":"https:\/\/www.vfmedical-shop.ch\/fr\/mentions-legales\/","title":{"rendered":"Mentions l\u00e9gales"},"content":{"rendered":"\n<!-- Legal document generated by Complianz | GDPR\/CCPA Cookie Consent https:\/\/wordpress.org\/plugins\/complianz-gdpr -->\n<div id=\"cmplz-document\" class=\"cmplz-document impressum cmplz-document-all\"><p><i>Cette imprint a \u00e9t\u00e9 mise \u00e0 jour pour la derni\u00e8re fois le 19 janvier 2026.<\/i><\/p><p class=\"cmplz-subtitle\">Le propri\u00e9taire de ce site web est\u00a0:<\/p><p>VF Medical Supplies GmbH Gesellschaft mit beschr\u00e4nkter Haftung (GmbH)<br>D\u00f6rfliweg 1a<br \/>\n8192 Glattfelden<br>Suisse<br>E-mail\u00a0:&nbsp;<span class=\"cmplz-obfuscate\">&#105;n&#102;o@<span class=\"cmplz-fmail-domain\">&#101;&#120;.&#099;o&#109;<\/span>&#118;&#102;medi&#099;&#097;&#108;&#045;s&#104;&#111;p.&#099;h<\/span><br>Num\u00e9ro de t\u00e9l\u00e9phone\u00a0: 0848 333 033<br>ID TVA\u00a0:&nbsp;CHE-115.275.167 MWST<\/p><p class=\"cmplz-subtitle\">Le(s) repr\u00e9sentant(s) l\u00e9gal(aux) de VF Medical Supplies GmbH Gesellschaft mit beschr\u00e4nkter Haftung (GmbH)\u00a0:<\/p><p>Erkan Firat<\/p><h2>1. G\u00e9n\u00e9ral<\/h2><p>Nous ne sommes ni dispos\u00e9s ni oblig\u00e9s de participer \u00e0 des proc\u00e9dures de r\u00e8glement des litiges devant une commission d\u2019arbitrage des consommateurs.<\/p><h2>2. Information compl\u00e9mentaire<\/h2><p>GLN: 7601001966550<br \/>\nCHRN-IM-20010534<\/p><\/div>","protected":false},"excerpt":{"rendered":"","protected":false},"author":255,"featured_media":0,"parent":0,"menu_order":0,"comment_status":"closed","ping_status":"closed","template":"","meta":{"_acf_changed":false,"footnotes":""},"class_list":["post-6451","page","type-page","status-publish","hentry"],"acf":[],"_links":{"self":[{"href":"https:\/\/www.vfmedical-shop.ch\/fr\/wp-json\/wp\/v2\/pages\/6451","targetHints":{"allow":["GET"]}}],"collection":[{"href":"https:\/\/www.vfmedical-shop.ch\/fr\/wp-json\/wp\/v2\/pages"}],"about":[{"href":"https:\/\/www.vfmedical-shop.ch\/fr\/wp-json\/wp\/v2\/types\/page"}],"author":[{"embeddable":true,"href":"https:\/\/www.vfmedical-shop.ch\/fr\/wp-json\/wp\/v2\/users\/255"}],"replies":[{"embeddable":true,"href":"https:\/\/www.vfmedical-shop.ch\/fr\/wp-json\/wp\/v2\/comments?post=6451"}],"version-history":[{"count":0,"href":"https:\/\/www.vfmedical-shop.ch\/fr\/wp-json\/wp\/v2\/pages\/6451\/revisions"}],"wp:attachment":[{"href":"https:\/\/www.vfmedical-shop.ch\/fr\/wp-json\/wp\/v2\/media?parent=6451"}],"curies":[{"name":"wp","href":"https:\/\/api.w.org\/{rel}","templated":true}]}}