{"id":5369,"date":"2020-05-14T10:01:37","date_gmt":"2020-05-14T08:01:37","guid":{"rendered":"https:\/\/www.vfmedical-shop.ch\/empreinte\/"},"modified":"2020-05-14T10:25:22","modified_gmt":"2020-05-14T08:25:22","slug":"empreinte","status":"publish","type":"page","link":"https:\/\/www.vfmedical-shop.ch\/fr\/empreinte\/","title":{"rendered":"empreinte"},"content":{"rendered":"<p>Ces sites sont une offre de VF Medical Supplies GmbH:<\/p>\n<div id=\"addressBlock\">\n<h3>si\u00e8ge<\/h3>\n<p>VF Medical Supplies Ltd.<br \/>\nD\u00f6rfliweg 1 A<br \/>\n8192 Glattfelden<br \/>\nSuisse<\/p>\n<p><strong>Logisticcenter<br \/>\n<\/strong>Europastrasse 31<br \/>\n8152 Glattbrugg<br \/>\nSuisse<\/p>\n<p>T\u00e9l. : 0848 333 033<br \/>\nCourriel : <a href=\"javascript:secureDecryptAndNavigate('VoMufLzg01RsUVQCQ+KNS7hJNc6VgCi9qCPFBLHFH6hu7o1gtwKdmVhwYImf+E5TeYUfvJHQdLhA5xcox0rtM67JLd6dISwrmwVGfog=', 'df63dfbda552b1132fb509d5d854625988d9c73646f1ebf5d84fb98d2eafaaaf')\">&#105;n&#102;o&#64;v&#102;med&#105;ca&#108;-s&#104;&#111;p&#46;ch<\/a><\/p>\n<p>CHE-115.275.167 TVA<br \/>\nNum\u00e9ro RH: CH-020.4.041.505-2<br \/>\nHr Office: Canton de Zurich<\/p>\n<h3>Copyright<\/h3>\n<p>L\u2019ensemble du site est soumis \u00e0 la l\u00e9gislation suisse sur le droit d\u2019auteur et la propri\u00e9t\u00e9 intellectuelle. Tous les droits d\u2019impression sont r\u00e9serv\u00e9s. Cela s\u2019applique \u00e0 tous les documents disponibles, ainsi qu\u2019aux catalogues. La reproduction de la page enti\u00e8re ou seulement d\u2019une partie sur n\u2019importe quel transporteur \u00e9lectronique ou sur papier est interdite, sauf avec l\u2019autorisation expresse de VF Medical Supplies GmbH.<\/p>\n<h3>Marques<\/h3>\n<p>Le nom de la soci\u00e9t\u00e9 ainsi que les logos de la soci\u00e9t\u00e9 et de la division sont des marques de commerce de VF Medical Supplies GmbH. Toutes les autres marques, noms de produits et noms ou logos de l\u2019entreprise cit\u00e9s sur notre site Web sont la seule propri\u00e9t\u00e9 de leurs propri\u00e9taires respectifs. Tous les droits sont r\u00e9serv\u00e9s.<\/p>\n<h3>d\u00e9menti<\/h3>\n<p>L\u2019utilisation du site Internet de VF Medical Supplies GmbH est \u00e0 vos risques et p\u00e9rils. La responsabilit\u00e9 pour l\u2019utilisation des Services ou leur indisponibilit\u00e9 ne peut \u00eatre assum\u00e9e. Cela s\u2019applique \u00e9galement \u00e0 tout dommage cons\u00e9quent. Les modifications de prix et les erreurs dans les descriptions de produits sont r\u00e9serv\u00e9es.<\/p>\n<p>Si vous avez des questions, n\u2019h\u00e9sitez pas \u00e0 nous contacter. <a href=\"http:\/\/www.vfmedical-shop.ch\/kontakt-2\/\">(Contact)<\/a><\/p>\n<\/div>\n","protected":false},"excerpt":{"rendered":"<p>Ces sites sont une offre de VF Medical Supplies GmbH: si\u00e8ge VF Medical Supplies Ltd. D\u00f6rfliweg 1 A 8192 Glattfelden Suisse Logisticcenter Europastrasse 31 8152 Glattbrugg Suisse T\u00e9l. : 0848 333 033 Courriel : in&#102;&#111;&#64;&#118;f&#109;ed&#105;c&#97;&#108;&#45;s&#104;&#111;&#112;&#46;ch CHE-115.275.167 TVA Num\u00e9ro RH: CH-020.4.041.505-2 Hr Office: Canton de Zurich Copyright L\u2019ensemble du site est soumis \u00e0 la l\u00e9gislation suisse sur le droit d\u2019auteur et la propri\u00e9t\u00e9 intellectuelle. Tous les droits d\u2019impression sont r\u00e9serv\u00e9s. Cela s\u2019applique \u00e0 tous les documents [&hellip;]<\/p>\n","protected":false},"author":11,"featured_media":0,"parent":0,"menu_order":0,"comment_status":"closed","ping_status":"closed","template":"","meta":{"_acf_changed":false,"footnotes":""},"class_list":["post-5369","page","type-page","status-publish","hentry"],"acf":[],"_links":{"self":[{"href":"https:\/\/www.vfmedical-shop.ch\/fr\/wp-json\/wp\/v2\/pages\/5369","targetHints":{"allow":["GET"]}}],"collection":[{"href":"https:\/\/www.vfmedical-shop.ch\/fr\/wp-json\/wp\/v2\/pages"}],"about":[{"href":"https:\/\/www.vfmedical-shop.ch\/fr\/wp-json\/wp\/v2\/types\/page"}],"author":[{"embeddable":true,"href":"https:\/\/www.vfmedical-shop.ch\/fr\/wp-json\/wp\/v2\/users\/11"}],"replies":[{"embeddable":true,"href":"https:\/\/www.vfmedical-shop.ch\/fr\/wp-json\/wp\/v2\/comments?post=5369"}],"version-history":[{"count":0,"href":"https:\/\/www.vfmedical-shop.ch\/fr\/wp-json\/wp\/v2\/pages\/5369\/revisions"}],"wp:attachment":[{"href":"https:\/\/www.vfmedical-shop.ch\/fr\/wp-json\/wp\/v2\/media?parent=5369"}],"curies":[{"name":"wp","href":"https:\/\/api.w.org\/{rel}","templated":true}]}}