{"id":5331,"date":"2020-05-14T08:56:19","date_gmt":"2020-05-14T06:56:19","guid":{"rendered":"https:\/\/www.vfmedical-shop.ch\/termes\/"},"modified":"2020-05-14T09:02:09","modified_gmt":"2020-05-14T07:02:09","slug":"termes","status":"publish","type":"page","link":"https:\/\/www.vfmedical-shop.ch\/fr\/termes\/","title":{"rendered":"termes"},"content":{"rendered":"<div id=\"agbBlock\">\n<h3>1. Port\u00e9e<\/h3>\n<p>Ces <strong>Conditions g\u00e9n\u00e9rales (GTC)<\/strong> r\u00e9gissent la relation entre vous en tant que client et VF Medical Supplies GmbH (ci-apr\u00e8s appel\u00e9 <strong>VF Medical Shop<\/strong>) lors de l\u2019achat de produits que VF Medical Shop offre sur le site web<strong> http:\/\/www.vfmedical-shop.ch<\/strong> ou <strong>http:\/\/www.vfmedicalshop.ch.<\/strong><\/p>\n<p>La vente des produits et autres services de la boutique m\u00e9dicale VF est bas\u00e9e exclusivement sur les conditions g\u00e9n\u00e9rales suivantes, telles qu\u2019amend\u00e9es au moment de l\u2019ordonnance respective. Les conditions d\u2019achat d\u00e9viantes du client sont contredites par la pr\u00e9sente. Au plus tard lors de l\u2019acceptation de nos biens ou autres services, les Conditions g\u00e9n\u00e9rales sont r\u00e9put\u00e9es avoir \u00e9t\u00e9 accept\u00e9es sans r\u00e9serve par le client, m\u00eame dans le cas de son objection pr\u00e9c\u00e9dente.<\/p>\n<p>Les \u00e9carts de la CGT exigent le consentement \u00e9crit expr\u00e8s pour chaque contrat individuel afin d\u2019\u00eatre efficace.<\/p>\n<h3>2. Conclusion du contrat<\/h3>\n<p>Votre commande est une offre pour nous de conclure un contrat d\u2019achat. En soumettant l\u2019ordonnance, vous reconnaissez \u00e9galement que ces GTC sont pertinents pour la relation juridique avec VF Medical Shop seule.<\/p>\n<p>Lorsque vous passez une commande aupr\u00e8s de VF Medical Shop, nous confirmons la r\u00e9ception de votre commande par e-mail et fournissons des d\u00e9tails sur votre commande (<strong>confirmation decommande<\/strong>). Cette confirmation de commande ne constitue pas une acceptation de votre offre, mais vise uniquement \u00e0 vous informer que votre commande a \u00e9t\u00e9 re\u00e7ue par nous. Un contrat d\u2019achat n\u2019est conclu que lorsque nous vous envoyons le produit command\u00e9 et confirme l\u2019envoi (par e-mail)(<strong>confirmation d\u2019exp\u00e9dition<\/strong>).<\/p>\n<p>Aucun contrat de vente n\u2019est conclu pour les produits de la m\u00eame commande qui ne sont pas \u00e9num\u00e9r\u00e9s dans la confirmation d\u2019exp\u00e9dition. Le partenaire contractuel est VF Medical Supplies GmbH.<\/p>\n<p>Veuillez noter que nous ne vendons que tous les produits en quantit\u00e9s commerciales. Cela s\u2019applique \u00e0 la fois au nombre de produits command\u00e9s dans le cadre d\u2019une commande et au placement de plusieurs commandes d\u2019un m\u00eame produit, lorsque les commandes individuelles comprennent une quantit\u00e9 commerciale.<\/p>\n<h3>3. Droit de retrait<\/h3>\n<p>Vous pouvez annuler votre contrat dans les 5 jours ouvrables sans donner de motifs sous forme de texte (par exemple lettre, e-mail) ou en retournant les marchandises. La p\u00e9riode commence au plus t\u00f4t \u00e0 la r\u00e9ception des marchandises et non avant r\u00e9ception de cette instruction. Afin de respecter la p\u00e9riode de retrait, il suffit d\u2019envoyer la r\u00e9vocation ou l\u2019article en temps voulu.<\/p>\n<h4>Cons\u00e9quences de la r\u00e9vocation :<\/h4>\n<p>En cas de r\u00e9vocation efficace, les services re\u00e7us par les deux parties doivent \u00eatre retourn\u00e9s et les avantages tir\u00e9s (p. ex. des frais d\u2019utilisation de l\u2019article) doivent \u00eatre remis. Si vous n\u2019\u00eates pas en mesure de retourner le service re\u00e7u en entier ou en partie ou seulement dans un \u00e9tat d\u00e9t\u00e9rior\u00e9, vous devrez peut-\u00eatre nous indemniser pour la valeur. En outre, vous pouvez \u00e9viter l\u2019obligation de compenser la valeur en n\u2019utilisant pas l\u2019article comme votre propri\u00e9t\u00e9 et en vous abstenant de faire tout ce qui affecte sa valeur.<\/p>\n<p>Envoyez toujours des retours suffisamment affranchis et envientiner la facture originale pour l\u2019exp\u00e9dition de retour. Les marchandises non fong\u00e9es ne peuvent pas \u00eatre accept\u00e9es. Nous nous r\u00e9servons le droit de vous facturer les frais suppl\u00e9mentaires encourus.<\/p>\n<h4>Exclusion de r\u00e9vocation :<\/h4>\n<p>Le droit de retrait ne s\u2019applique pas aux contrats \u00e0 distance pour la livraison de marchandises fabriqu\u00e9es selon les sp\u00e9cifications du client ou clairement adapt\u00e9es aux besoins personnels (tels que la gravure personnelle, etc.) ou qui, en raison de leur nature, ne conviennent pas \u00e0 une exp\u00e9dition de retour ou peuvent se g\u00e2ter rapidement ou dont la date d\u2019expiration serait d\u00e9pass\u00e9e. Un droit de retrait n\u2019existe pas pour les op\u00e9rateurs de donn\u00e9es num\u00e9riques (CD ROM, logiciels, CD audio et vid\u00e9o) si vous avez d\u00e9j\u00e0 d\u00e9verrouill\u00e9 les op\u00e9rateurs de donn\u00e9es livr\u00e9s.<\/p>\n<h3>4. Livraison et exp\u00e9dition<\/h3>\n<p>Les commandes sont livr\u00e9es par service de messagerie (DHL). VF Medical Shop ne peut accepter aucune responsabilit\u00e9 pour tout retard dans la livraison par le service de messagerie autoris\u00e9.<\/p>\n<p>Nous nous efforcerons toujours de respecter les d\u00e9lais de livraison sp\u00e9cifi\u00e9s par nous et soigneusement calcul\u00e9s. Toutefois, s\u2019il y a des perturbations dans l\u2019entreprise dont nous ne sommes pas responsables, en particulier les arr\u00eats de travail et les lock-out ainsi que les cas de force majeure, qui sont bas\u00e9s sur un \u00e9v\u00e9nement impr\u00e9visible et involontaire, le d\u00e9lai de livraison doit \u00eatre prolong\u00e9 en cons\u00e9quence. Tout retard dans la livraison ne vous donne pas le droit d\u2019annuler la commande ou d\u2019affirmer des demandes d\u2019indemnisation. La livraison est r\u00e9put\u00e9e avoir \u00e9t\u00e9 remplie si les marchandises quittent notre maison ou chez nos fournisseurs.<\/p>\n<p>L\u2019emballage est effectu\u00e9 avec le plus grand soin. En cas de bris et de dommages au transport, le destinataire des marchandises doit imm\u00e9diatement faire une r\u00e9servation correspondante \u00e0 la soci\u00e9t\u00e9 de transport et nous informer par \u00e9crit des dommages. Cela s\u2019applique \u00e9galement si l\u2019emballage des marchandises ne pr\u00e9sente aucun dommage externe. V\u00e9rifiez toujours les marchandises en d\u00e9tail avant de d\u00e9baller. Les dommages au transport doivent \u00eatre signal\u00e9s imm\u00e9diatement, si possible directement au chauffeur, puis \u00e0 la compagnie de transport.<\/p>\n<p>Les frais de livraison et les conditions d\u00e9pendent de la qualit\u00e9 (poids et valeur des marchandises) des articles command\u00e9s. <strong>D\u2019une valeur totale de 350.- CHF et plus, VF Medical Shop couvrira les frais d\u2019affranchissement et de livraison.<\/strong><\/p>\n<p>(des informations plus d\u00e9taill\u00e9es sur la livraison et l\u2019exp\u00e9dition peuvent \u00eatre trouv\u00e9es sur <a href=\"http:\/\/vfmedical-shop.ch\/lieferung-versand\/\">la livraison et l\u2019exp\u00e9dition)<\/a> Si vous avez des demandes sp\u00e9ciales, vous pouvez simplement nous demander.<\/p>\n<h4>Refus:<\/h4>\n<p>En cas de refus injustifi\u00e9 d\u2019accepter les articles livr\u00e9s par nous, nous facturerons les co\u00fbts encourus par nous. Notre droit de remplir le contrat de vente n\u2019en demeure pas affect\u00e9.<\/p>\n<h4>Livraisons non livrables :<\/h4>\n<p>Si un colis ne peut pas \u00eatre livr\u00e9 par le service de messagerie, il retournera \u00e0 VF Medical Shop. En cas de deuxi\u00e8me livraison n\u00e9cessaire, VF Medical Shop a le droit de facturer le client.<\/p>\n<h3>5. Conditions de paiement<\/h3>\n<h4>Prix:<\/h4>\n<p>Tous les prix sur le site n\u2019incluent pas la TVA. <a href=\"http:\/\/vfmedical-shop.ch\/lieferung-versand\/\">Les frais de livraison et d\u2019exp\u00e9dition<\/a> seront factur\u00e9s en plus. \u00c0 partir de 350.- CHF valeur totale des commandes, les frais d\u2019affranchissement et d\u2019exp\u00e9dition seront couverts par VF Medical Shop.<\/p>\n<h4>Paiement:<\/h4>\n<p>Le client peut payer le prix d\u2019achat par facture. Sur les factures, nous accordons une p\u00e9riode de cr\u00e9dit de 30 jours \u00e0 partir de la date de la facture. Au cours de cette p\u00e9riode, le paiement doit \u00eatre effectu\u00e9 sans d\u00e9duction d\u2019escompte. Le contrat et la monnaie de facture sont CHF.<\/p>\n<p>Les modifications et les erreurs de prix sont r\u00e9serv\u00e9es.<\/p>\n<h4>Retard, co\u00fbts de dunning :<\/h4>\n<p>En cas de retard, nous nous permettons d\u2019intenter une action en justice.<\/p>\n<h3>6. Maintien du titre<\/h3>\n<p>Tous les articles livr\u00e9s restent la propri\u00e9t\u00e9 de VF Medical Shop jusqu\u2019au paiement int\u00e9gral du prix d\u2019achat. Nous avons le droit d\u2019enregistrer le maintien du titre dans le registre de r\u00e9tention du titre du canton de r\u00e9sidence.<\/p>\n<p>Dans le cas o\u00f9 un fournisseur ne nous livre plus les marchandises command\u00e9es malgr\u00e9 l\u2019obligation contractuelle, ce qui conduit \u00e0 un obstacle \u00e0 la performance que nous n\u2019avons aucune obligation d\u2019effectuer sans faute de notre part, nous aurons le droit de nous retirer du contrat. En cas de retrait, nous vous informerons imm\u00e9diatement de l\u2019indisponibilit\u00e9 et rembourserons toute contrepartie d\u00e9j\u00e0 fournie.<\/p>\n<h3>7. Garantie<\/h3>\n<p>VF Medical Shop s\u2019engage \u00e0 prendre soin et livre les produits de bonne qualit\u00e9. VF Medical Shop s\u2019engage \u00e9galement \u00e0 la s\u00e9lection minutieuse, la formation et les m\u00e9thodes de travail professionnelles des employ\u00e9s.<\/p>\n<p>En cas de d\u00e9fauts dans les marchandises livr\u00e9es, l\u2019acheteur peut exiger des changements ou des r\u00e9ductions ou des biens de la m\u00eame cat\u00e9gorie que la compensation. Les dispositions de la RO s\u2019appliquent.<\/p>\n<p>Les d\u00e9fauts et les perturbations dont VF Medical Shop n\u2019est pas responsable sont exclus de la garantie, tels que l\u2019usure naturelle, la force majeure, un traitement inappropri\u00e9, des interventions de l\u2019acheteur ou de tiers, une utilisation excessive, un \u00e9quipement inappropri\u00e9 ou des influences environnementales extr\u00eames.<\/p>\n<h3>8. Protection des donn\u00e9es et s\u00e9curit\u00e9 des donn\u00e9es<\/h3>\n<p>VF Medical Shop s\u2019engage \u00e0 se conformer aux dispositions g\u00e9n\u00e9rales de la protection des donn\u00e9es et de la s\u00e9curit\u00e9 des donn\u00e9es.<\/p>\n<p>Les donn\u00e9es que vous entrez seront strictement confidentielles et ne seront pas transmises \u00e0 des tiers.<\/p>\n<p>Vous pouvez demander des informations \u00e0 VF Medical sur et, si n\u00e9cessaire, la correction de vos donn\u00e9es personnelles.<\/p>\n<h3>9. Cookies<\/h3>\n<p>Ce site utilise des cookies. Les cookies sont de petits fichiers texte qui sont stock\u00e9s de fa\u00e7on permanente ou temporaire sur votre ordinateur lorsque vous visitez ce site Web. Le but des cookies est en particulier l\u2019analyse de l\u2019utilisation de ce site pour l\u2019analyse statistique ainsi que pour des am\u00e9liorations continues.<\/p>\n<p>Dans votre navigateur, vous pouvez d\u00e9sactiver tout ou partie des cookies dans vos param\u00e8tres \u00e0 tout moment. Si les cookies sont d\u00e9sactiv\u00e9s, toutes les fonctions de ce site ne sont plus disponibles pour vous.<\/p>\n<h3>10. Autres conditions<\/h3>\n<p>Nous faisons tous les efforts pour cartographier et d\u00e9crire les articles dans cette boutique aussi bien que possible. Cependant, VF Medical Shop ne peut pas exclure le fait que les produits repr\u00e9sent\u00e9s dans Natura regarder ou agir un peu diff\u00e9remment. Les erreurs dans les descriptions de produits sont r\u00e9serv\u00e9es.<\/p>\n<h3>11. place de comp\u00e9tence<\/h3>\n<p>Nos activit\u00e9s commerciales et donc la relation entre le client et VF Medical sont bas\u00e9es exclusivement sur le droit suisse. La place de comp\u00e9tence est Glattfelden ZH.<\/p>\n<p>En cas de litige d\u00e9coulant de contrats de consommation, le tribunal du domicile ou du si\u00e8ge social de l\u2019une des parties est comp\u00e9tent en cas de litige d\u00e9coulant de contrats de consommation, et le tribunal au domicile du d\u00e9fendeur est comp\u00e9tent en cas de poursuite intent\u00e9e par VF Medical Shop. Les contrats de consommation sont des contrats pour des services destin\u00e9s aux besoins personnels ou familiaux du client.<\/p>\n<p>Pour les clients ayant un domicile \u00e9tranger ou un si\u00e8ge social, Glattfelden ZH est consid\u00e9r\u00e9 comme le lieu de travail et le lieu de comp\u00e9tence exclusif pour toutes les proc\u00e9dures.<\/p>\n<h3>12. Dispositions finales<\/h3>\n<p>Si les points individuels de ces GtC sont inefficaces, ils n\u2019auront aucune incidence sur la validit\u00e9 des dispositions restantes.<\/p>\n<p>VF Medical Shop se r\u00e9serve le droit de modifier les conditions g\u00e9n\u00e9rales \u00e0 tout moment.<\/p>\n<p>Si vous avez des questions, n\u2019h\u00e9sitez pas \u00e0 nous contacter. <a href=\"http:\/\/vfmedical-shop.ch\/kontakt-2\/\" data-wplink-edit=\"true\">(Contact)<\/a><br \/>\nGlattbrugg, le 1er mai 2015<\/p>\n<\/div>\n","protected":false},"excerpt":{"rendered":"<p>1. Port\u00e9e Ces Conditions g\u00e9n\u00e9rales (GTC) r\u00e9gissent la relation entre vous en tant que client et VF Medical Supplies GmbH (ci-apr\u00e8s appel\u00e9 VF Medical Shop) lors de l\u2019achat de produits que VF Medical Shop offre sur le site web http:\/\/www.vfmedical-shop.ch ou http:\/\/www.vfmedicalshop.ch. La vente des produits et autres services de la boutique m\u00e9dicale VF est bas\u00e9e exclusivement sur les conditions g\u00e9n\u00e9rales suivantes, telles qu\u2019amend\u00e9es au moment de l\u2019ordonnance respective. Les conditions d\u2019achat d\u00e9viantes du client [&hellip;]<\/p>\n","protected":false},"author":11,"featured_media":0,"parent":0,"menu_order":0,"comment_status":"closed","ping_status":"closed","template":"","meta":{"_acf_changed":false,"footnotes":""},"class_list":["post-5331","page","type-page","status-publish","hentry"],"acf":[],"_links":{"self":[{"href":"https:\/\/www.vfmedical-shop.ch\/fr\/wp-json\/wp\/v2\/pages\/5331","targetHints":{"allow":["GET"]}}],"collection":[{"href":"https:\/\/www.vfmedical-shop.ch\/fr\/wp-json\/wp\/v2\/pages"}],"about":[{"href":"https:\/\/www.vfmedical-shop.ch\/fr\/wp-json\/wp\/v2\/types\/page"}],"author":[{"embeddable":true,"href":"https:\/\/www.vfmedical-shop.ch\/fr\/wp-json\/wp\/v2\/users\/11"}],"replies":[{"embeddable":true,"href":"https:\/\/www.vfmedical-shop.ch\/fr\/wp-json\/wp\/v2\/comments?post=5331"}],"version-history":[{"count":0,"href":"https:\/\/www.vfmedical-shop.ch\/fr\/wp-json\/wp\/v2\/pages\/5331\/revisions"}],"wp:attachment":[{"href":"https:\/\/www.vfmedical-shop.ch\/fr\/wp-json\/wp\/v2\/media?parent=5331"}],"curies":[{"name":"wp","href":"https:\/\/api.w.org\/{rel}","templated":true}]}}