{"id":2061,"date":"2020-03-06T06:33:57","date_gmt":"2020-03-06T05:33:57","guid":{"rendered":"https:\/\/www.vfmedical-shop.ch\/livraison-et-expedition\/"},"modified":"2026-03-24T10:54:54","modified_gmt":"2026-03-24T09:54:54","slug":"livraison-et-expedition","status":"publish","type":"page","link":"https:\/\/www.vfmedical-shop.ch\/fr\/livraison-et-expedition\/","title":{"rendered":"Livraison et exp\u00e9dition"},"content":{"rendered":"<p>Les commandes pass\u00e9es \u00e0 VF Medical Shop sont livr\u00e9es par service de messagerie (DHL).<\/p>\n<p>Les frais de livraison et les conditions d\u00e9pendent de la nature (poids et valeur des marchandises) des articles command\u00e9s. <strong>\u00c0 partir d&#8217;une valeur totale de CHF 350.00 hors TVA (\u00e0 l&#8217;exception du gel \u00e0 ultrasons), vous pouvez commander chez VF Medical Shop sans frais de port.<\/strong><\/p>\n<h1>Acceptation des marchandises :<\/h1>\n<p>L\u2019emballage est effectu\u00e9 avec le plus grand soin. En cas de bris et de dommages au transport, le destinataire des marchandises doit imm\u00e9diatement faire une r\u00e9servation correspondante \u00e0 la soci\u00e9t\u00e9 de transport et nous informer par \u00e9crit des dommages. Cela s\u2019applique \u00e9galement si l\u2019emballage des marchandises ne pr\u00e9sente aucun dommage externe. V\u00e9rifiez toujours les marchandises en d\u00e9tail avant de d\u00e9baller. Les dommages au transport doivent \u00eatre signal\u00e9s imm\u00e9diatement, si possible directement au chauffeur, puis \u00e0 la compagnie de transport.<\/p>\n<h1>Livraisons non livrables :<\/h1>\n<p>Si un colis ne peut pas \u00eatre livr\u00e9 par le service de messagerie, il retournera \u00e0 VF Medical Shop. En cas de n\u00e9cessaire<br \/>\nVF Medical Shop a le droit de facturer au client la deuxi\u00e8me livraison.<\/p>\n<h1>Sp\u00e9cial<\/h1>\n<p>Si vous avez des demandes sp\u00e9ciales, vous pouvez nous <a href=\"https:\/\/www.vfmedical-shop.ch\/fr\/contact\/\">envoyer<\/a>une demande .<\/p>\n<h1>Plaintes et retours<\/h1>\n<p>Les plaintes doivent \u00eatre d\u00e9pos\u00e9es dans les 5 jours suivant la r\u00e9ception des marchandises. Dans le cas contraire, la livraison est r\u00e9put\u00e9e avoir \u00e9t\u00e9 accept\u00e9e.<br \/>\nLes retours de marchandises ne peuvent \u00eatre retourn\u00e9s qu\u2019apr\u00e8s l\u2019accord pr\u00e9alable et seulement en parfait \u00e9tat, emball\u00e9s dans un emballage original. <strong>Les articles st\u00e9riles,<\/strong>les emballages originaux cass\u00e9s, les produits sur mesure et les articles achet\u00e9s sur demande sp\u00e9ciale, qui ne sont pas g\u00e9r\u00e9s \u00e0 l\u2019entrep\u00f4t, <strong>ne peuvent pas \u00eatre repris.<\/strong><\/p>\n","protected":false},"excerpt":{"rendered":"<p>Les commandes pass\u00e9es \u00e0 VF Medical Shop sont livr\u00e9es par service de messagerie (DHL). Les frais de livraison et les conditions d\u00e9pendent de la nature (poids et valeur des marchandises) des articles command\u00e9s. \u00c0 partir d&#8217;une valeur totale de CHF 350.00 hors TVA (\u00e0 l&#8217;exception du gel \u00e0 ultrasons), vous pouvez commander chez VF Medical Shop sans frais de port. Acceptation des marchandises : L\u2019emballage est effectu\u00e9 avec le plus grand soin. En cas de [&hellip;]<\/p>\n","protected":false},"author":11,"featured_media":0,"parent":0,"menu_order":0,"comment_status":"closed","ping_status":"closed","template":"","meta":{"_acf_changed":false,"footnotes":""},"class_list":["post-2061","page","type-page","status-publish","hentry"],"acf":[],"_links":{"self":[{"href":"https:\/\/www.vfmedical-shop.ch\/fr\/wp-json\/wp\/v2\/pages\/2061","targetHints":{"allow":["GET"]}}],"collection":[{"href":"https:\/\/www.vfmedical-shop.ch\/fr\/wp-json\/wp\/v2\/pages"}],"about":[{"href":"https:\/\/www.vfmedical-shop.ch\/fr\/wp-json\/wp\/v2\/types\/page"}],"author":[{"embeddable":true,"href":"https:\/\/www.vfmedical-shop.ch\/fr\/wp-json\/wp\/v2\/users\/11"}],"replies":[{"embeddable":true,"href":"https:\/\/www.vfmedical-shop.ch\/fr\/wp-json\/wp\/v2\/comments?post=2061"}],"version-history":[{"count":4,"href":"https:\/\/www.vfmedical-shop.ch\/fr\/wp-json\/wp\/v2\/pages\/2061\/revisions"}],"predecessor-version":[{"id":7330,"href":"https:\/\/www.vfmedical-shop.ch\/fr\/wp-json\/wp\/v2\/pages\/2061\/revisions\/7330"}],"wp:attachment":[{"href":"https:\/\/www.vfmedical-shop.ch\/fr\/wp-json\/wp\/v2\/media?parent=2061"}],"curies":[{"name":"wp","href":"https:\/\/api.w.org\/{rel}","templated":true}]}}